{"id":8650,"date":"2026-01-22T10:44:05","date_gmt":"2026-01-22T08:44:05","guid":{"rendered":"https:\/\/stockwerkeigentum-buchhaltung.ch\/?page_id=8650"},"modified":"2026-03-19T11:59:21","modified_gmt":"2026-03-19T09:59:21","slug":"blog","status":"publish","type":"page","link":"https:\/\/stockwerkeigentum-buchhaltung.ch\/en\/blog\/","title":{"rendered":"Blog"},"content":{"rendered":"<section class=\"l-section wpb_row us_custom_b42fd947 height_custom with_img parallax_fixed\"><div class=\"l-section-img\" role=\"img\" data-img-width=\"1125\" data-img-height=\"1125\" style=\"background-image: url(https:\/\/stockwerkeigentum-buchhaltung.ch\/wp-content\/uploads\/2026\/01\/1.png);background-repeat: no-repeat;\"><\/div><div class=\"l-section-overlay\" style=\"background:rgba(255,255,255,0.70)\"><\/div><div class=\"l-section-h i-cf\"><div class=\"g-cols vc_row via_flex valign_top type_default stacking_default\"><div class=\"vc_col-sm-12 wpb_column vc_column_container\"><div class=\"vc_column-inner\"><div class=\"wpb_wrapper\"><div class=\"wpb_text_column\"><div class=\"wpb_wrapper\"><h3><b>Wissenswertes rund um Stockwerkeigentum<\/b><\/h3>\n<\/div><\/div><div class=\"w-separator size_small\"><\/div><div class=\"wpb_text_column\"><div class=\"wpb_wrapper\"><p class=\"p1\">Das Leben und Verwalten in einer Stockwerkeigent\u00fcmergemeinschaft (StWEG) bringt nicht nur organisatorische, sondern auch rechtliche und sicherheitsrelevante Fragen mit sich. Ob es um Ordnung und Sicherheit oder rechtliche Grundlagen geht &#8211; fundiertes Wissen hilft,\u00a0Konflikte zu vermeiden und rechtlich auf der sicheren Seite zu bleiben.<\/p>\n<p class=\"p1\">In unserem Blog greifen wir praxisnahe Themen aus dem Alltag von Stockwerkeigent\u00fcmerinnen und Stockwerkeigent\u00fcmern auf. Wir zeigen, worauf Sie achten m\u00fcssen, welche Rechte und Pflichten bestehen und wie sich typische Stolpersteine fr\u00fchzeitig umgehen lassen.<\/p>\n<\/div><\/div><div class=\"w-separator size_large\"><\/div><div class=\"w-grid type_grid layout_108 cols_2 with_filters ratio_custom\" id=\"us_grid_1\" style=\"--gap:0.8rem;\"><style>@media (max-width:1083px){#us_grid_1 .w-grid-list{margin:0}#us_grid_1 .w-grid-item{width:100%;padding:0;margin-bottom:var(--gap,0px)}}@media (max-width:600px){#us_grid_1 .w-grid-list{margin:0}#us_grid_1 .w-grid-item{width:100%;padding:0;margin-bottom:var(--gap,0px)}}.layout_108 .w-grid-item-h:before{padding-bottom:42.8571%}@media (min-width:601px){.layout_108 .w-grid-item.size_1x2 .w-grid-item-h:before{padding-bottom:calc(85.7143% + var(--gap,0px) * 2)}.layout_108 .w-grid-item.size_2x1 .w-grid-item-h:before{padding-bottom:calc(21.4286% - var(--gap,0px) * 0.4286)}.layout_108 .w-grid-item.size_2x2 .w-grid-item-h:before{padding-bottom:calc(42.8571% - var(--gap,0px) * -1.1428)}}.layout_108 .w-grid-item-h{}@media(max-width:599px){.layout_108 .usg_post_date_1{display:none!important}}.layout_108 .usg_post_title_1{transition-duration:0.3s;transform-origin:50% 50%;transform:scale(1) translate(0%,0%)}.layout_108 .w-grid-item-h:hover .usg_post_title_1{transform:scale(1) translate(0%,0%);opacity:1;color:var(--color-header-middle-text-hover)!important}@media(max-width:599px){.layout_108 .usg_post_content_1{display:none!important}}.layout_108 .usg_hwrapper_1{position:absolute!important}.layout_108 .usg_post_image_1{width:50%!important}.layout_108 .usg_vwrapper_1{width:50%!important;margin-right:0!important}.layout_108 .usg_hwrapper_2{margin-bottom:0!important}.layout_108 .usg_post_taxonomy_1{font-size:14px!important;line-height:1.4!important;font-weight:700!important;text-transform:uppercase!important;margin-right:0.8rem!important}.layout_108 .usg_post_date_1{color:var(--color-content-faded)!important;font-size:14px!important;line-height:1.4!important}.layout_108 .usg_post_title_1{color:var(--color-content-heading)!important;font-size:1.8rem!important;line-height:1.2!important;margin-bottom:0!important;margin-right:-35%!important;padding-top:1rem!important;padding-bottom:1rem!important;padding-right:1.2rem!important;background:var(--color-content-bg)!important}.layout_108 .usg_post_content_1{font-size:0.8rem!important;line-height:1.6!important;padding-right:1.5rem!important}@media (min-width:1084px) and (max-width:1350px){.layout_108 .usg_post_title_1{color:var(--color-content-heading)!important;font-size:1.5rem!important;line-height:1.2!important}}@media (min-width:601px) and (max-width:1083px){.layout_108 .usg_post_title_1{color:var(--color-content-heading)!important;font-size:1.2rem!important;line-height:1.2!important}}@media (max-width:600px){.layout_108 .usg_post_title_1{color:var(--color-content-heading)!important;font-size:1.2rem!important;line-height:1.2!important;margin-right:0!important;padding-bottom:0!important}}<\/style><div class=\"g-filters style_2 align_center\"><button class=\"g-filters-item active\" data-taxonomy=\"*\"><span>All<\/span><\/button><button class=\"g-filters-item\" data-taxonomy=\"ordnung-sicherheit\" data-amount=\"1\"><span>Ordnung &amp; Sicherheit<\/span><span class=\"g-filters-item-amount\">1<\/span><\/button><button class=\"g-filters-item\" data-taxonomy=\"rechtliche-grundlagen\" data-amount=\"2\"><span>Rechtliche Grundlagen<\/span><span class=\"g-filters-item-amount\">2<\/span><\/button><\/div><div class=\"w-grid-list\" data-filter_taxonomy_name=\"category\">\t<article class=\"w-grid-item post-8768 post type-post status-publish format-standard has-post-thumbnail hentry category-ordnung-sicherheit\" data-id=\"8768\">\r\n\t\t<div class=\"w-grid-item-h\">\r\n\t\t\t\t\t\t<div class=\"w-hwrapper usg_hwrapper_1 align_none valign_top\" style=\"--hwrapper-gap:0.3rem\"><div class=\"w-vwrapper usg_vwrapper_1 align_none valign_top\" style=\"--vwrapper-gap:0.5rem\"><div class=\"w-hwrapper usg_hwrapper_2 align_none valign_top wrap\"><div class=\"w-post-elm post_taxonomy usg_post_taxonomy_1 style_simple\"><a class=\"term-16 term-ordnung-sicherheit\" href=\"https:\/\/stockwerkeigentum-buchhaltung.ch\/en\/category\/ordnung-sicherheit\/\">Ordnung &amp; Sicherheit<\/a><\/div><time class=\"w-post-elm post_date usg_post_date_1 has_text_color entry-date published\" datetime=\"2026-03-15T22:19:14+02:00\" title=\"15 March 2026 at 22:19:14 +02:00\">1 month ago<\/time><\/div><h3 class=\"w-post-elm post_title usg_post_title_1 has_text_color entry-title color_link_inherit\"><a href=\"https:\/\/stockwerkeigentum-buchhaltung.ch\/en\/brandschutz-im-treppenhaus-was-darf-stehen-bleiben-und-wo-hoert-die-rolle-der-toleranz-auf\/\">Brandschutz im Treppenhaus: Was darf stehen bleiben und wo h\u00f6rt die Rolle der Toleranz auf?<\/a><\/h3><div class=\"w-post-elm post_content usg_post_content_1 with_collapsible_content\" data-content-height=\"160px\"><div>Das Treppenhaus einer Stockwerkeigent\u00fcmergeischaft (StWEG) ist oft ein Ort der Begegnung \u2013 leider aber auch ein Ort der Ablage. Was f\u00fcr den einen der&hellip;<\/div><div class=\"toggle-links align_none\"><button class=\"collapsible-content-more\">Mehr anzeigen<\/button><button class=\"collapsible-content-less\">Weniger anzeigen<\/button><\/div><\/div><\/div><div class=\"w-post-elm post_image usg_post_image_1 has_width has_ratio\"><div style=\"padding-bottom:100%\"><\/div><a href=\"https:\/\/stockwerkeigentum-buchhaltung.ch\/en\/brandschutz-im-treppenhaus-was-darf-stehen-bleiben-und-wo-hoert-die-rolle-der-toleranz-auf\/\" aria-label=\"Brandschutz im Treppenhaus: Was darf stehen bleiben und wo h\u00f6rt die Rolle der Toleranz auf?\"><img loading=\"lazy\" decoding=\"async\" width=\"1024\" height=\"683\" src=\"https:\/\/stockwerkeigentum-buchhaltung.ch\/wp-content\/uploads\/2026\/02\/close-up-burning-tequila-shot-glass-1024x683.jpg\" class=\"attachment-large size-large wp-post-image\" alt=\"\" srcset=\"https:\/\/stockwerkeigentum-buchhaltung.ch\/wp-content\/uploads\/2026\/02\/close-up-burning-tequila-shot-glass-1024x683.jpg 1024w, https:\/\/stockwerkeigentum-buchhaltung.ch\/wp-content\/uploads\/2026\/02\/close-up-burning-tequila-shot-glass-300x200.jpg 300w, https:\/\/stockwerkeigentum-buchhaltung.ch\/wp-content\/uploads\/2026\/02\/close-up-burning-tequila-shot-glass-1536x1024.jpg 1536w\" sizes=\"auto, (max-width: 1024px) 100vw, 1024px\" \/><\/a><\/div><\/div>\t\t<\/div>\r\n\t<\/article>\r\n\t<article class=\"w-grid-item post-8800 post type-post status-publish format-standard has-post-thumbnail hentry category-rechtliche-grundlagen\" data-id=\"8800\">\r\n\t\t<div class=\"w-grid-item-h\">\r\n\t\t\t\t\t\t<div class=\"w-hwrapper usg_hwrapper_1 align_none valign_top\" style=\"--hwrapper-gap:0.3rem\"><div class=\"w-vwrapper usg_vwrapper_1 align_none valign_top\" style=\"--vwrapper-gap:0.5rem\"><div class=\"w-hwrapper usg_hwrapper_2 align_none valign_top wrap\"><div class=\"w-post-elm post_taxonomy usg_post_taxonomy_1 style_simple\"><a class=\"term-17 term-rechtliche-grundlagen\" href=\"https:\/\/stockwerkeigentum-buchhaltung.ch\/en\/category\/rechtliche-grundlagen\/\">Rechtliche Grundlagen<\/a><\/div><time class=\"w-post-elm post_date usg_post_date_1 has_text_color entry-date published\" datetime=\"2026-03-12T23:32:08+02:00\" title=\"12 March 2026 at 23:32:08 +02:00\">1 month ago<\/time><\/div><h3 class=\"w-post-elm post_title usg_post_title_1 has_text_color entry-title color_link_inherit\"><a href=\"https:\/\/stockwerkeigentum-buchhaltung.ch\/en\/selbstverwaltung-in-der-stweg-worauf-sie-rechtlich-unbedingt-achten-muessen\/\">Selbstverwaltung in der StWEG: Worauf Sie rechtlich unbedingt achten m\u00fcssen<\/a><\/h3><div class=\"w-post-elm post_content usg_post_content_1 with_collapsible_content\" data-content-height=\"160px\"><div>Viele kleinere Stockwerkeigent\u00fcmergemeinschaften in der Schweiz entscheiden sich dazu, die Verwaltung selbst in die Hand zu nehmen. Das spart zwar das klassische Verwalterhonorar, birgt&hellip;<\/div><div class=\"toggle-links align_none\"><button class=\"collapsible-content-more\">Mehr anzeigen<\/button><button class=\"collapsible-content-less\">Weniger anzeigen<\/button><\/div><\/div><\/div><div class=\"w-post-elm post_image usg_post_image_1 has_width has_ratio\"><div style=\"padding-bottom:100%\"><\/div><a href=\"https:\/\/stockwerkeigentum-buchhaltung.ch\/en\/selbstverwaltung-in-der-stweg-worauf-sie-rechtlich-unbedingt-achten-muessen\/\" aria-label=\"Selbstverwaltung in der StWEG: Worauf Sie rechtlich unbedingt achten m\u00fcssen\"><img loading=\"lazy\" decoding=\"async\" width=\"1024\" height=\"683\" src=\"https:\/\/stockwerkeigentum-buchhaltung.ch\/wp-content\/uploads\/2026\/02\/pencil-with-book-wood-1024x683.jpg\" class=\"attachment-large size-large wp-post-image\" alt=\"\" srcset=\"https:\/\/stockwerkeigentum-buchhaltung.ch\/wp-content\/uploads\/2026\/02\/pencil-with-book-wood-1024x683.jpg 1024w, https:\/\/stockwerkeigentum-buchhaltung.ch\/wp-content\/uploads\/2026\/02\/pencil-with-book-wood-300x200.jpg 300w, https:\/\/stockwerkeigentum-buchhaltung.ch\/wp-content\/uploads\/2026\/02\/pencil-with-book-wood-1536x1024.jpg 1536w\" sizes=\"auto, (max-width: 1024px) 100vw, 1024px\" \/><\/a><\/div><\/div>\t\t<\/div>\r\n\t<\/article>\r\n\t<article class=\"w-grid-item post-8794 post type-post status-publish format-standard has-post-thumbnail hentry category-rechtliche-grundlagen\" data-id=\"8794\">\r\n\t\t<div class=\"w-grid-item-h\">\r\n\t\t\t\t\t\t<div class=\"w-hwrapper usg_hwrapper_1 align_none valign_top\" style=\"--hwrapper-gap:0.3rem\"><div class=\"w-vwrapper usg_vwrapper_1 align_none valign_top\" style=\"--vwrapper-gap:0.5rem\"><div class=\"w-hwrapper usg_hwrapper_2 align_none valign_top wrap\"><div class=\"w-post-elm post_taxonomy usg_post_taxonomy_1 style_simple\"><a class=\"term-17 term-rechtliche-grundlagen\" href=\"https:\/\/stockwerkeigentum-buchhaltung.ch\/en\/category\/rechtliche-grundlagen\/\">Rechtliche Grundlagen<\/a><\/div><time class=\"w-post-elm post_date usg_post_date_1 has_text_color entry-date published\" datetime=\"2026-03-10T23:25:12+02:00\" title=\"10 March 2026 at 23:25:12 +02:00\">1 month ago<\/time><\/div><h3 class=\"w-post-elm post_title usg_post_title_1 has_text_color entry-title color_link_inherit\"><a href=\"https:\/\/stockwerkeigentum-buchhaltung.ch\/en\/verwalterwechsel-ohne-stress-so-kuendigen-sie-ihre-stweg-verwaltung-richtig\/\">Verwalterwechsel ohne Stress: So k\u00fcndigen Sie Ihre StWEG-Verwaltung richtig<\/a><\/h3><div class=\"w-post-elm post_content usg_post_content_1 with_collapsible_content\" data-content-height=\"160px\"><div>Verwalterwechsel ohne Stress: So k\u00fcndigen Sie Ihre StWEG-Verwaltung richtig Viele Stockwerkeigent\u00fcmergemeinschaften (StWEG) in der Schweiz z\u00f6gern einen Wechsel der Verwaltung jahrelang hinaus. Die Sorge&hellip;<\/div><div class=\"toggle-links align_none\"><button class=\"collapsible-content-more\">Mehr anzeigen<\/button><button class=\"collapsible-content-less\">Weniger anzeigen<\/button><\/div><\/div><\/div><div class=\"w-post-elm post_image usg_post_image_1 has_width has_ratio\"><div style=\"padding-bottom:100%\"><\/div><a href=\"https:\/\/stockwerkeigentum-buchhaltung.ch\/en\/verwalterwechsel-ohne-stress-so-kuendigen-sie-ihre-stweg-verwaltung-richtig\/\" aria-label=\"Verwalterwechsel ohne Stress: So k\u00fcndigen Sie Ihre StWEG-Verwaltung richtig\"><img loading=\"lazy\" decoding=\"async\" width=\"1024\" height=\"683\" src=\"https:\/\/stockwerkeigentum-buchhaltung.ch\/wp-content\/uploads\/2026\/02\/concept-different-office-accessories-paper-with-clip-1024x683.jpg\" class=\"attachment-large size-large wp-post-image\" alt=\"\" srcset=\"https:\/\/stockwerkeigentum-buchhaltung.ch\/wp-content\/uploads\/2026\/02\/concept-different-office-accessories-paper-with-clip-1024x683.jpg 1024w, https:\/\/stockwerkeigentum-buchhaltung.ch\/wp-content\/uploads\/2026\/02\/concept-different-office-accessories-paper-with-clip-300x200.jpg 300w, https:\/\/stockwerkeigentum-buchhaltung.ch\/wp-content\/uploads\/2026\/02\/concept-different-office-accessories-paper-with-clip-1536x1024.jpg 1536w\" sizes=\"auto, (max-width: 1024px) 100vw, 1024px\" \/><\/a><\/div><\/div>\t\t<\/div>\r\n\t<\/article>\r\n<\/div><div class=\"w-grid-preloader\"><div class=\"g-preloader type_1\">\r\n\t<div><\/div>\r\n<\/div>\r\n<\/div>\t<div class=\"w-grid-json hidden\" onclick='return {&quot;action&quot;:&quot;us_ajax_grid&quot;,&quot;ajax_url&quot;:&quot;https:\\\/\\\/stockwerkeigentum-buchhaltung.ch\\\/wp-admin\\\/admin-ajax.php&quot;,&quot;infinite_scroll&quot;:0,&quot;max_num_pages&quot;:1,&quot;pagination&quot;:&quot;none&quot;,&quot;permalink_url&quot;:&quot;https:\\\/\\\/stockwerkeigentum-buchhaltung.ch\\\/en\\\/wp-json\\\/wp\\\/v2\\\/pages\\\/8650&quot;,&quot;template_vars&quot;:{&quot;columns&quot;:&quot;2&quot;,&quot;exclude_items&quot;:&quot;none&quot;,&quot;img_size&quot;:&quot;default&quot;,&quot;ignore_items_size&quot;:0,&quot;items_layout&quot;:&quot;108&quot;,&quot;items_offset&quot;:&quot;1&quot;,&quot;load_animation&quot;:&quot;none&quot;,&quot;overriding_link&quot;:&quot;%7B%22url%22%3A%22%22%7D&quot;,&quot;post_id&quot;:0,&quot;query_args&quot;:{&quot;post_type&quot;:[&quot;post&quot;],&quot;post_status&quot;:[&quot;publish&quot;],&quot;posts_per_page&quot;:&quot;10&quot;},&quot;orderby_query_args&quot;:{&quot;orderby&quot;:{&quot;date&quot;:&quot;DESC&quot;}},&quot;type&quot;:&quot;grid&quot;,&quot;us_grid_ajax_index&quot;:1,&quot;us_grid_filter_params&quot;:null,&quot;us_grid_index&quot;:1,&quot;_us_grid_post_type&quot;:&quot;post&quot;,&quot;page_args&quot;:[]}}'><\/div>\r\n\t<\/div><\/div><\/div><\/div><\/div><\/div><\/section>\n","protected":false},"excerpt":{"rendered":"Verwalterwechsel ohne Stress: So k\u00fcndigen Sie Ihre StWEG-Verwaltung richtig Viele Stockwerkeigent\u00fcmergemeinschaften (StWEG) in der Schweiz z\u00f6gern einen Wechsel der Verwaltung jahrelang hinaus. Die Sorge vor rechtlichen Fallstricken, komplizierten \u00dcbergaben oder m\u00fchsamen Diskussionen an der Versammlung ist gross. Doch die Realit\u00e4t zeigt: Ein Wechsel ist oft der einzige Weg, um verkrustete Strukturen aufzubrechen und Verwaltungskosten massiv...","protected":false},"author":2,"featured_media":0,"parent":0,"menu_order":0,"comment_status":"closed","ping_status":"closed","template":"","meta":{"footnotes":""},"class_list":["post-8650","page","type-page","status-publish","hentry"],"_links":{"self":[{"href":"https:\/\/stockwerkeigentum-buchhaltung.ch\/en\/wp-json\/wp\/v2\/pages\/8650","targetHints":{"allow":["GET"]}}],"collection":[{"href":"https:\/\/stockwerkeigentum-buchhaltung.ch\/en\/wp-json\/wp\/v2\/pages"}],"about":[{"href":"https:\/\/stockwerkeigentum-buchhaltung.ch\/en\/wp-json\/wp\/v2\/types\/page"}],"author":[{"embeddable":true,"href":"https:\/\/stockwerkeigentum-buchhaltung.ch\/en\/wp-json\/wp\/v2\/users\/2"}],"replies":[{"embeddable":true,"href":"https:\/\/stockwerkeigentum-buchhaltung.ch\/en\/wp-json\/wp\/v2\/comments?post=8650"}],"version-history":[{"count":23,"href":"https:\/\/stockwerkeigentum-buchhaltung.ch\/en\/wp-json\/wp\/v2\/pages\/8650\/revisions"}],"predecessor-version":[{"id":9289,"href":"https:\/\/stockwerkeigentum-buchhaltung.ch\/en\/wp-json\/wp\/v2\/pages\/8650\/revisions\/9289"}],"wp:attachment":[{"href":"https:\/\/stockwerkeigentum-buchhaltung.ch\/en\/wp-json\/wp\/v2\/media?parent=8650"}],"curies":[{"name":"wp","href":"https:\/\/api.w.org\/{rel}","templated":true}]}}