{"id":8519,"date":"2024-01-16T14:49:37","date_gmt":"2024-01-16T14:49:37","guid":{"rendered":"http:\/\/stockwerkeigentum.digital\/?page_id=8519"},"modified":"2026-03-05T11:44:45","modified_gmt":"2026-03-05T09:44:45","slug":"ueber-uns","status":"publish","type":"page","link":"https:\/\/stockwerkeigentum-buchhaltung.ch\/en\/ueber-uns\/","title":{"rendered":"\u00dcber uns"},"content":{"rendered":"<section class=\"l-section wpb_row height_custom\"><div class=\"l-section-h i-cf\"><div class=\"g-cols vc_row via_flex valign_top type_default stacking_default\"><div class=\"vc_col-sm-6 wpb_column vc_column_container\"><div class=\"vc_column-inner\"><div class=\"wpb_wrapper\"><div class=\"wpb_text_column\"><div class=\"wpb_wrapper\"><h3><span style=\"color: #ffa036;\">Kompetenz trifft auf Leidenschaft f\u00fcr klare Zahlen.<\/span><\/h3>\n<p><span style=\"color: #000000;\">Stockwerkeigentum Buchhaltung steht f\u00fcr strukturierte, transparente und verl\u00e4ssliche Immobilienbuchhaltung \u2013 spezialisiert auf die Bed\u00fcrfnisse von Stockwerkeigent\u00fcmergemeinschaf<wbr \/>ten.<\/span><\/p>\n<p><span style=\"color: #000000;\">Gegr\u00fcndet wurde das Unternehmen von\u00a0<strong>Yvonne Zurgeissel<\/strong>, mit langj\u00e4hriger Erfahrung in der Unternehmensberatung und einem klaren Fokus auf effiziente Finanzprozesse. Ihr Anspruch: Buchhaltung verst\u00e4ndlich machen, Klarheit schaffen und Verantwortung professionell begleiten.<\/span><\/p>\n<h4><span style=\"color: #ffa036;\">Pers\u00f6nlich. Strukturiert. Verl\u00e4sslich.<\/span><\/h4>\n<p><span style=\"color: #000000;\">Yvonne Zurgeissel verbindet betriebswirtschaftliche Pr\u00e4zision mit einem tiefen Verst\u00e4ndnis f\u00fcr die Herausforderungen in Stockwerkeigent\u00fcmergemeinschaf<wbr \/>ten \u2013 ob in der Selbstverwaltung oder in Zusammenarbeit mit einer externen Verwaltung.<\/span><\/p>\n<p><span style=\"color: #000000;\">Denn in einer StWEG geht es nicht nur um Zahlen.<br \/>\nEs geht um Verantwortung gegen\u00fcber dem gemeinsamen Eigentum, um Vertrauen zwischen Eigent\u00fcmern und um nachhaltige Werterhaltung.<\/span><\/p>\n<\/div><\/div><div class=\"w-separator size_medium\"><\/div><div class=\"wpb_text_column\"><div class=\"wpb_wrapper\"><h4 class=\"p1\"><span style=\"color: #ffa036;\"><em>\u201cTransparente Zahlen schaffen Sicherheit \u2013 und Sicherheit schafft Ruhe.\u201d<\/em><\/span><\/h4>\n<\/div><\/div><div class=\"w-separator size_medium\"><\/div><div class=\"g-cols wpb_row us_custom_976a578e has_text_color via_flex valign_top type_default stacking_default\"><div class=\"vc_col-sm-12 wpb_column vc_column_container has_text_color\"><div class=\"vc_column-inner us_custom_df5f4c97\"><div class=\"wpb_wrapper\"><div class=\"wpb_text_column\"><div class=\"wpb_wrapper\"><h4><span style=\"color: #ff9900;\">Unsere Haltung<\/span><\/h4>\n<p>Professionelle Immobilienbuchhaltung muss weder kompliziert noch \u00fcberdimensioniert sein.<br \/>\nSie muss:<\/p>\n<\/div><\/div><div class=\"w-separator size_small\"><\/div><div class=\"wpb_text_column us_custom_a640122a us_animate_this\"><div class=\"wpb_wrapper\"><ul>\n<li>klar strukturiert<\/li>\n<\/ul>\n<\/div><\/div><div class=\"w-separator size_custom\" style=\"height:10px\"><\/div><div class=\"wpb_text_column us_custom_4ef5d869 us_animate_this\"><div class=\"wpb_wrapper\"><ul>\n<li>transparent nachvollziehbar<\/li>\n<\/ul>\n<\/div><\/div><div class=\"w-separator size_custom\" style=\"height:10px\"><\/div><div class=\"wpb_text_column us_custom_169961a8 us_animate_this\"><div class=\"wpb_wrapper\"><ul>\n<li>effizient organisiert<\/li>\n<\/ul>\n<\/div><\/div><div class=\"w-separator size_custom\" style=\"height:10px\"><\/div><div class=\"wpb_text_column us_custom_44ef4aae us_animate_this\"><div class=\"wpb_wrapper\"><ul>\n<li>und fachlich sauber gef\u00fchrt sein<\/li>\n<\/ul>\n<\/div><\/div><div class=\"w-separator size_small\"><\/div><div class=\"wpb_text_column\"><div class=\"wpb_wrapper\"><p>Genau daf\u00fcr stehen wir.<\/p>\n<\/div><\/div><\/div><\/div><\/div><\/div><\/div><\/div><\/div><div class=\"vc_col-sm-6 wpb_column vc_column_container\"><div class=\"vc_column-inner\"><div class=\"wpb_wrapper\"><div class=\"w-person layout_cards\" itemscope itemtype=\"https:\/\/schema.org\/Person\"><div class=\"w-person-image\"><img loading=\"lazy\" decoding=\"async\" width=\"679\" height=\"1024\" src=\"https:\/\/stockwerkeigentum-buchhaltung.ch\/wp-content\/uploads\/2024\/01\/1U7A5513-679x1024.jpg\" class=\"attachment-large size-large\" alt=\"\" srcset=\"https:\/\/stockwerkeigentum-buchhaltung.ch\/wp-content\/uploads\/2024\/01\/1U7A5513-679x1024.jpg 679w, https:\/\/stockwerkeigentum-buchhaltung.ch\/wp-content\/uploads\/2024\/01\/1U7A5513-199x300.jpg 199w, https:\/\/stockwerkeigentum-buchhaltung.ch\/wp-content\/uploads\/2024\/01\/1U7A5513-1018x1536.jpg 1018w, https:\/\/stockwerkeigentum-buchhaltung.ch\/wp-content\/uploads\/2024\/01\/1U7A5513.jpg 1447w\" sizes=\"auto, (max-width: 679px) 100vw, 679px\" \/><\/div><div class=\"w-person-content\"><h4 itemprop=\"name\" class=\"w-person-name\"><span>YVONNE ZURGEISSEL<\/span><\/h4><div class=\"w-person-role\" itemprop=\"jobTitle\">Gr\u00fcnderin<\/div><\/div><\/div><div class=\"w-separator size_medium\"><\/div><div class=\"wpb_text_column\"><div class=\"wpb_wrapper\"><h4><span style=\"color: #ffa036;\">Unsere Mission<\/span><\/h4>\n<p><span style=\"color: #000000;\">Wir schaffen Transparenz in der Buchhaltung von Stockwerkeigent\u00fcmergemeinschaf<wbr \/>ten.<\/span><\/p>\n<p><span style=\"color: #000000;\">Mit strukturierten Prozessen, sauberer Dokumentation und einem klaren Blick f\u00fcr das Wesentliche unterst\u00fctzen wir Selbstverwaltungen und Verwaltungen gleichermassen \u2013 damit Entscheidungen auf einer soliden finanziellen Grundlage getroffen werden k\u00f6nnen.<\/span><\/p>\n<\/div><\/div><\/div><\/div><\/div><\/div><\/div><\/section>","protected":false},"excerpt":{"rendered":"Kompetenz trifft auf Leidenschaft f\u00fcr klare Zahlen. Stockwerkeigentum Buchhaltung steht f\u00fcr strukturierte, transparente und verl\u00e4ssliche Immobilienbuchhaltung \u2013 spezialisiert auf die Bed\u00fcrfnisse von Stockwerkeigent\u00fcmergemeinschaften. Gegr\u00fcndet wurde das Unternehmen von\u00a0Yvonne Zurgeissel, mit langj\u00e4hriger Erfahrung in der Unternehmensberatung und einem klaren Fokus auf effiziente Finanzprozesse. Ihr Anspruch: Buchhaltung verst\u00e4ndlich machen, Klarheit schaffen und Verantwortung professionell begleiten. Pers\u00f6nlich. Strukturiert....","protected":false},"author":2,"featured_media":0,"parent":0,"menu_order":0,"comment_status":"closed","ping_status":"closed","template":"","meta":{"footnotes":""},"class_list":["post-8519","page","type-page","status-publish","hentry"],"_links":{"self":[{"href":"https:\/\/stockwerkeigentum-buchhaltung.ch\/en\/wp-json\/wp\/v2\/pages\/8519","targetHints":{"allow":["GET"]}}],"collection":[{"href":"https:\/\/stockwerkeigentum-buchhaltung.ch\/en\/wp-json\/wp\/v2\/pages"}],"about":[{"href":"https:\/\/stockwerkeigentum-buchhaltung.ch\/en\/wp-json\/wp\/v2\/types\/page"}],"author":[{"embeddable":true,"href":"https:\/\/stockwerkeigentum-buchhaltung.ch\/en\/wp-json\/wp\/v2\/users\/2"}],"replies":[{"embeddable":true,"href":"https:\/\/stockwerkeigentum-buchhaltung.ch\/en\/wp-json\/wp\/v2\/comments?post=8519"}],"version-history":[{"count":69,"href":"https:\/\/stockwerkeigentum-buchhaltung.ch\/en\/wp-json\/wp\/v2\/pages\/8519\/revisions"}],"predecessor-version":[{"id":9236,"href":"https:\/\/stockwerkeigentum-buchhaltung.ch\/en\/wp-json\/wp\/v2\/pages\/8519\/revisions\/9236"}],"wp:attachment":[{"href":"https:\/\/stockwerkeigentum-buchhaltung.ch\/en\/wp-json\/wp\/v2\/media?parent=8519"}],"curies":[{"name":"wp","href":"https:\/\/api.w.org\/{rel}","templated":true}]}}