{"id":8467,"date":"2023-09-23T22:39:05","date_gmt":"2023-09-23T22:39:05","guid":{"rendered":"http:\/\/stockwerkeigentum.digital\/?page_id=8467"},"modified":"2024-09-30T20:51:18","modified_gmt":"2024-09-30T18:51:18","slug":"impressum","status":"publish","type":"page","link":"https:\/\/stockwerkeigentum-buchhaltung.ch\/en\/impressum\/","title":{"rendered":"Impressum"},"content":{"rendered":"<h5>KONTAKT-ADRESSE<\/h5>\n<p>Simplify Consulting GmbH<br \/>\nAlter Postweg\u00a01<br \/>\n5647 Oberr\u00fcti<br \/>\nSchweiz<\/p>\n<p>E-Mail:<br \/>\ninfo@simplify-consulting.ch<\/p>\n<h5>VERTRETUNGSBERECHTIGTE PERSON<\/h5>\n<p>Yvonne Zurgeissel<\/p>\n<h5>HANDELSREGISTER-EINTRAG<\/h5>\n<p>Eingetragener Firmenname:<br \/>\n<strong>Simplify Consulting GmbH<\/strong><\/p>\n<p>Unternehmens-Nr (UID):<br \/>\n<strong>CHE-201.209.058<\/strong><\/p>\n<p>Mehrwertsteuer-Nummer<br \/>\n<strong>CHE-201.209.058 MWST<\/strong><\/p>\n<p>&nbsp;<\/p>\n<h5>HAFTUNGSAUSSCHLUSS<\/h5>\n<p>Der Autor \u00fcbernimmt keinerlei Gew\u00e4hr hinsichtlich der inhaltlichen Richtigkeit, Genauigkeit, Aktualit\u00e4t, Zuverl\u00e4ssigkeit und Vollst\u00e4ndigkeit der Informationen.<\/p>\n<p>Haftungsanspr\u00fcche gegen den Autor wegen Sch\u00e4den materieller oder immaterieller Art, welche aus dem Zugriff oder der Nutzung bzw. Nichtnutzung der ver\u00f6ffentlichten Informationen, durch Missbrauch der Verbindung oder durch technische St\u00f6rungen entstanden sind, werden ausgeschlossen.<\/p>\n<p>Alle Angebote sind unverbindlich. Der Autor beh\u00e4lt es sich ausdr\u00fccklich vor, Teile der Seiten oder das gesamte Angebot ohne besondere Ank\u00fcndigung zu ver\u00e4ndern, zu erg\u00e4nzen, zu l\u00f6schen oder die Ver\u00f6ffentlichung zeitweise oder endg\u00fcltig einzustellen.<\/p>\n<h5>HAFTUNGSAUSSCHLUSS F\u00dcR LINKS<\/h5>\n<p>Verweise und Links auf Webseiten Dritter liegen ausserhalb unseres Verantwortungsbereichs. Es wird jegliche Verantwortung f\u00fcr solche Webseiten abgelehnt. Der Zugriff und die Nutzung solcher Webseiten erfolgen auf eigene Gefahr des jeweiligen Nutzers.<\/p>\n<h5>URHEBERRECHTE<\/h5>\n<p>Die Urheber- und alle anderen Rechte an Inhalten, Bildern, Fotos oder anderen Dateien auf dieser Website, geh\u00f6ren ausschliesslich <strong>der Firma Simplify Consulting GmbH<\/strong> oder den speziell genannten Rechteinhabern. F\u00fcr die Reproduktion jeglicher Elemente ist die schriftliche Zustimmung des Urheberrechtstr\u00e4gers im Voraus einzuholen.<\/p>\n<p>Quelle: <a href=\"https:\/\/www.swissanwalt.ch\/\" target=\"_blank\" rel=\"noopener\">SwissAnwalt<\/a><\/p>","protected":false},"excerpt":{"rendered":"<p>KONTAKT-ADRESSE Simplify Consulting GmbH Alter Postweg\u00a01 5647 Oberr\u00fcti Schweiz E-Mail: info@simplify-consulting.ch VERTRETUNGSBERECHTIGTE PERSON Yvonne Zurgeissel HANDELSREGISTER-EINTRAG Eingetragener Firmenname: Simplify Consulting GmbH Unternehmens-Nr (UID): CHE-201.209.058 Mehrwertsteuer-Nummer CHE-201.209.058 MWST &nbsp; HAFTUNGSAUSSCHLUSS Der Autor \u00fcbernimmt keinerlei Gew\u00e4hr hinsichtlich der inhaltlichen Richtigkeit, Genauigkeit, Aktualit\u00e4t, Zuverl\u00e4ssigkeit und Vollst\u00e4ndigkeit der Informationen. Haftungsanspr\u00fcche gegen den Autor wegen Sch\u00e4den materieller oder immaterieller Art,&#8230;<\/p>","protected":false},"author":2,"featured_media":0,"parent":0,"menu_order":0,"comment_status":"closed","ping_status":"closed","template":"","meta":{"footnotes":""},"class_list":["post-8467","page","type-page","status-publish","hentry"],"_links":{"self":[{"href":"https:\/\/stockwerkeigentum-buchhaltung.ch\/en\/wp-json\/wp\/v2\/pages\/8467","targetHints":{"allow":["GET"]}}],"collection":[{"href":"https:\/\/stockwerkeigentum-buchhaltung.ch\/en\/wp-json\/wp\/v2\/pages"}],"about":[{"href":"https:\/\/stockwerkeigentum-buchhaltung.ch\/en\/wp-json\/wp\/v2\/types\/page"}],"author":[{"embeddable":true,"href":"https:\/\/stockwerkeigentum-buchhaltung.ch\/en\/wp-json\/wp\/v2\/users\/2"}],"replies":[{"embeddable":true,"href":"https:\/\/stockwerkeigentum-buchhaltung.ch\/en\/wp-json\/wp\/v2\/comments?post=8467"}],"version-history":[{"count":2,"href":"https:\/\/stockwerkeigentum-buchhaltung.ch\/en\/wp-json\/wp\/v2\/pages\/8467\/revisions"}],"predecessor-version":[{"id":8604,"href":"https:\/\/stockwerkeigentum-buchhaltung.ch\/en\/wp-json\/wp\/v2\/pages\/8467\/revisions\/8604"}],"wp:attachment":[{"href":"https:\/\/stockwerkeigentum-buchhaltung.ch\/en\/wp-json\/wp\/v2\/media?parent=8467"}],"curies":[{"name":"wp","href":"https:\/\/api.w.org\/{rel}","templated":true}]}}